{"id":2,"date":"2023-04-03T08:06:43","date_gmt":"2023-04-03T08:06:43","guid":{"rendered":"https:\/\/www.sunrisepv.es\/?page_id=2"},"modified":"2023-04-03T11:13:42","modified_gmt":"2023-04-03T11:13:42","slug":"pagina-ejemplo","status":"publish","type":"page","link":"https:\/\/www.sunrisepv.es\/?page_id=2","title":{"rendered":"\u00bfQu\u00e9 es SUNRISE?"},"content":{"rendered":"\n<p><strong>Nueva generaci\u00f3n de tecnolog\u00edas fotovoltaicas para reducci\u00f3n del coste energ\u00e9tico mediante estrategias de circularidad.<\/strong><\/p>\n\n\n\n<p>El proyecto <strong>Sunrise PV<\/strong> propone soluciones e innovaciones que dan respuesta a este desaf\u00edo y a los contemplados en la Misi\u00f3n \u201cReforzar capacidades tecnol\u00f3gicas para la autonom\u00eda energ\u00e9tica segura y sostenible (fusi\u00f3n, hidr\u00f3geno y renovables)\u201d, en las distintas fases de la cadena de valor (m\u00f3dulo fotovoltaico, seguidor o estructura de soporte, convertidor de potencia, inversor fotovoltaico, almacenamiento, operaci\u00f3n y mantenimiento de planta) focalizando la investigaci\u00f3n en los siguientes puntos:<\/p>\n\n\n\n<ul class=\"wp-block-list\">\n<li>Nuevos materiales y procesos de fabricaci\u00f3n de m\u00f3dulos fotovoltaicos y resto de componentes, para una mayor eficiencia de conversi\u00f3n y reducci\u00f3n de costes de fabricaci\u00f3n<\/li>\n\n\n\n<li>Nuevos procesos de operaci\u00f3n y mantenimiento para un uso m\u00e1s duradero, eficiente y fiable de los sistemas fotovoltaicos<\/li>\n\n\n\n<li>Nuevos procesos de recuperaci\u00f3n y reutilizaci\u00f3n de materiales y componentes cr\u00edticos en la cadena de valor de la solar fotovoltaica para incrementar su valor y mejorar el impacto medioambiental de la tecnolog\u00eda<\/li>\n\n\n\n<li>Optimizar la producci\u00f3n de energ\u00eda renovable fotovoltaica con una reducci\u00f3n muy significativa del coste energ\u00e9tico y econ\u00f3mico de la tecnolog\u00eda (mejora del LCOE), as\u00ed como avanzar significativamente en la eficiencia, flexibilidad y gestionabilidad de las plantas FV, en un marco de sostenibilidad medioambiental, econ\u00f3mica y social.<\/li>\n<\/ul>\n\n\n\n<figure class=\"wp-block-image size-full\"><img loading=\"lazy\" decoding=\"async\" width=\"664\" height=\"68\" src=\"https:\/\/www.sunrisepv.es\/wp-content\/uploads\/2023\/04\/image.png\" alt=\"\" class=\"wp-image-13\" srcset=\"https:\/\/www.sunrisepv.es\/wp-content\/uploads\/2023\/04\/image.png 664w, https:\/\/www.sunrisepv.es\/wp-content\/uploads\/2023\/04\/image-300x31.png 300w\" sizes=\"auto, (max-width: 664px) 100vw, 664px\" \/><\/figure>\n","protected":false},"excerpt":{"rendered":"<p>Nueva generaci\u00f3n de tecnolog\u00edas fotovoltaicas para reducci\u00f3n del coste energ\u00e9tico mediante estrategias de circularidad. El proyecto Sunrise PV propone soluciones e innovaciones que dan respuesta a este desaf\u00edo y a los contemplados en la Misi\u00f3n \u201cReforzar capacidades tecnol\u00f3gicas para la autonom\u00eda energ\u00e9tica segura y sostenible (fusi\u00f3n, hidr\u00f3geno y renovables)\u201d, en las distintas fases de la&hellip;&nbsp;<a href=\"https:\/\/www.sunrisepv.es\/?page_id=2\" class=\"\" rel=\"bookmark\">Leer m\u00e1s &raquo;<span class=\"screen-reader-text\">\u00bfQu\u00e9 es SUNRISE?<\/span><\/a><\/p>\n","protected":false},"author":1,"featured_media":0,"parent":0,"menu_order":0,"comment_status":"closed","ping_status":"open","template":"","meta":{"neve_meta_sidebar":"","neve_meta_container":"","neve_meta_enable_content_width":"","neve_meta_content_width":0,"neve_meta_title_alignment":"","neve_meta_author_avatar":"","neve_post_elements_order":"","neve_meta_disable_header":"","neve_meta_disable_footer":"","neve_meta_disable_title":"","footnotes":""},"class_list":["post-2","page","type-page","status-publish","hentry"],"_links":{"self":[{"href":"https:\/\/www.sunrisepv.es\/index.php?rest_route=\/wp\/v2\/pages\/2","targetHints":{"allow":["GET"]}}],"collection":[{"href":"https:\/\/www.sunrisepv.es\/index.php?rest_route=\/wp\/v2\/pages"}],"about":[{"href":"https:\/\/www.sunrisepv.es\/index.php?rest_route=\/wp\/v2\/types\/page"}],"author":[{"embeddable":true,"href":"https:\/\/www.sunrisepv.es\/index.php?rest_route=\/wp\/v2\/users\/1"}],"replies":[{"embeddable":true,"href":"https:\/\/www.sunrisepv.es\/index.php?rest_route=%2Fwp%2Fv2%2Fcomments&post=2"}],"version-history":[{"count":4,"href":"https:\/\/www.sunrisepv.es\/index.php?rest_route=\/wp\/v2\/pages\/2\/revisions"}],"predecessor-version":[{"id":35,"href":"https:\/\/www.sunrisepv.es\/index.php?rest_route=\/wp\/v2\/pages\/2\/revisions\/35"}],"wp:attachment":[{"href":"https:\/\/www.sunrisepv.es\/index.php?rest_route=%2Fwp%2Fv2%2Fmedia&parent=2"}],"curies":[{"name":"wp","href":"https:\/\/api.w.org\/{rel}","templated":true}]}}